{"id":1703,"date":"2017-11-05T13:31:51","date_gmt":"2017-11-05T12:31:51","guid":{"rendered":"http:\/\/new.ladykillers.ch\/?page_id=1703"},"modified":"2024-11-26T13:42:34","modified_gmt":"2024-11-26T12:42:34","slug":"geschichte","status":"publish","type":"page","link":"https:\/\/ladykillers.ch\/?page_id=1703","title":{"rendered":"Geschichte"},"content":{"rendered":"<div class=\"fusion-fullwidth fullwidth-box fusion-builder-row-1 nonhundred-percent-fullwidth non-hundred-percent-height-scrolling\" style=\"--awb-border-radius-top-left:0px;--awb-border-radius-top-right:0px;--awb-border-radius-bottom-right:0px;--awb-border-radius-bottom-left:0px;--awb-flex-wrap:wrap;\" ><div class=\"fusion-builder-row fusion-row\"><div class=\"fusion-layout-column fusion_builder_column fusion-builder-column-0 fusion_builder_column_1_1 1_1 fusion-one-full fusion-column-first fusion-column-last\" style=\"--awb-bg-size:cover;\"><div class=\"fusion-column-wrapper fusion-flex-column-wrapper-legacy\"><div class=\"fusion-sep-clear\"><\/div><div class=\"fusion-separator fusion-full-width-sep\" style=\"margin-left: auto;margin-right: auto;margin-top:75px;width:100%;\"><\/div><div class=\"fusion-sep-clear\"><\/div><div class=\"fusion-title title fusion-title-1 fusion-title-center fusion-title-text fusion-title-size-one\" style=\"--awb-margin-top-small:10px;--awb-margin-right-small:0px;--awb-margin-bottom-small:10px;--awb-margin-left-small:0px;--awb-sep-color:#f41000;\"><div class=\"title-sep-container title-sep-container-left\"><div class=\"title-sep sep-double sep-solid\" style=\"border-color:#f41000;\"><\/div><\/div><span class=\"awb-title-spacer\"><\/span><h1 class=\"fusion-title-heading title-heading-center fusion-responsive-typography-calculated\" style=\"margin:0;--fontSize:35;line-height:1.75;\">LadyKillers &#8211; Z\u00fcrigugge seit 1968<\/h1><span class=\"awb-title-spacer\"><\/span><div class=\"title-sep-container title-sep-container-right\"><div class=\"title-sep sep-double sep-solid\" style=\"border-color:#f41000;\"><\/div><\/div><\/div><div class=\"fusion-sep-clear\"><\/div><div class=\"fusion-separator fusion-full-width-sep\" style=\"margin-left: auto;margin-right: auto;margin-top:25px;width:100%;\"><\/div><div class=\"fusion-sep-clear\"><\/div><div class=\"fusion-text fusion-text-1\"><h3 style=\"text-align: center;\"><strong>Die uns\u00e4glich zuf\u00e4llige Leichtigkeit des Seins<\/strong><\/h3>\n<p>Nein, keine LadyKillers und Killer Ladies sind \u00fcber 50 Jahre dabei. Manche sind erst 20 und stellen Fragen wie: &#8222;Woher kommt denn der Name LadyKillers&#8220;, der korrekt \u00fcbersetzt doch eigentlich Herzensbrecher heisst und so gar nichts mit &#8222;Frauenm\u00f6rder&#8220; zu tun hat.<\/p>\n<p>Die Gr\u00fcndungsmitglieder von 1968 sind l\u00e4ngst nicht mehr aktiv. Nach einem gemeinsamen Kinobesuch gr\u00fcndeten diese in gl\u00fccklicher Weinseeligkeit dieses bis heute sturmerprobte Ensemble &#8211; ach ja der Film hiess &#8211; &#8222;The LadyKillers&#8220; &#8211;\u00a0 eine Kriminalkom\u00f6die mit Alec Guiness und Cecil Parker.<\/p>\n<p>Einige haben mittlerweile schon \u00fcber 45 &#8222;Dienstjahre&#8220; auf dem Buckel, andere \u201eneuere\u201c LadyKillers und Killer Ladies sind in ihren 20ern. So verschmelzen erfahrene und unverbrauchte Gugger zu einer einmalig feucht-fr\u00f6hlichen Gemeinschaft. Seit Jahren ist die Z\u00fcrcher Guggemusik LadyKillers ein R\u00fcckgrat der kleinen aber feinen Z\u00fcrcher Fasnachtsszene und vertritt diese auch im nahen und fernen Ausland. In den\u00a0 56 Jahren ihres Bestehens hat die Z\u00fcrcher Truppe unter anderem bereits in Berchtesgaden, Berlin, Cannes, Genf, K\u00f6ln, Limoges, Nizza, Monaco, Oberhof, Paris Euro Disney und Moulin Rouge, Saas Fee, Stuttgart, St. Moritz, Vichy, Viareggio, Wien, Zermatt usw. aufgespielt. Die zweimalige Einladung nach China, mit Alphorn-Show, zum\u00a0 gr\u00f6sstem internationalen Kulturfestival Shanghai im Jahr 2004 und zur Weltausstellung Shanghai World EXPO 2010, sind aber zweifellos die H\u00f6hepunkte in der Geschichte des Vereins.<\/p>\n<p><strong>\u00a0<\/strong><\/p>\n<h3 style=\"text-align: center;\"><strong>Das guggistische Chaos muss organisiert sein&#8230;<\/strong><\/h3>\n<p>\u2026allerdings mit Mass. Deshalb proben die Killers jeweils ab September und basteln alle 2 Jahre ein neues Outfit. Seit Bestehen der LadyKillers haben sich zwei typische\u00a0 Erkennungszeichen herauskristallisiert. Das erste ist sicher der unverwechselbare &#8222;Sound&#8220;. Das zweite sind die im LadyKillers-Look getrimmten Kleider.<\/p>\n<h3 style=\"text-align: center;\"><strong>GuggeSound &#8211; The LadyKillers in concert\u00a0mit ihrem musikalischen Leiter Andreas Frei<\/strong><\/h3>\n<p>Der unverwechselbare, fetzige Sound der Z\u00fcrcher Herzensbrecher reicht im musikalischen Spektrum von echt schweizerischem Ethnosound und Alpenschlager, Stimmungs- und Partyliedern, \u00fcber Glenn Miller bis hin zu fetzigen Jazzrhythmen aus New Orleans.<\/p>\n<p>Zur Zeit tr\u00f6ten 29 aktive Killers Ladies und Lady Killers an folgenden Instrumenten:<br \/>\n8 Trompeten, 7 Saxophone, 2 Klarinette, 3 Zugposaunen, 1 Sousaphon,\u00a0 2 Pauke, 2 Tschinelle, 1 Basler Trommel und 3 Chuchi`s.<\/p>\n<h3 style=\"text-align: center;\"><strong>Kost\u00fcme, Glitter, Glanz und funkelnde H\u00fcte \u2013 Das Outfit der LadyKillers<\/strong><\/h3>\n<p>Die alle 2 Jahre geschneiderten Kost\u00fcme, passend zu unseren jeweilig neuen\u00a0Guggenthemen, sind immer reich verziert. Selbstgebastelte H\u00fcte dekorieren zur Kr\u00f6nung noch des LadyKillers\u2019 Haupt. Auch hier wird mit allen m\u00f6glichen Geheimwaffen wie Styropor, Plastik und Heissleim gearbeitet. Strass, Pailletten, Spiegelpl\u00e4ttchen, Federn, Boas, Leuchtdioden usw. verzieren schillernd und magisch die H\u00fcte sowie auch die aussergew\u00f6hnlichen Kost\u00fcme\u00a0der LadyKillers. Nat\u00fcrlich geh\u00f6rt zu dem Look der LadyKillers auch die passende, in Z\u00fcrich \u00fcbliche,\u00a0Gesichtsschminke.<\/p>\n<p>F\u00fcr Auftritte ausserhalb der 5. Jahreszeit ist ebenfalls ein passendes Outfit bereit.<\/p>\n<h3 style=\"text-align: center;\"><strong>H\u00e4ngt den Alltag an den Nagel&#8230;<\/strong><\/h3>\n<p>\u2026und hereinspaziert in eine entr\u00fcckt-entz\u00fcckte Leichtigkeit des Seins. Lasst die Seele baumeln und geniesst mit uns die 5. Jahreszeit und unseren Sound. Kommt mit uns und nehmt teil an unserer ansteckend guten Laune. Daf\u00fcr sagen wir im Voraus: Liebes Publikum &#8211;\u00a0 herzlichen Dank.<\/p>\n<\/div><div class=\"fusion-clearfix\"><\/div><\/div><\/div><\/div><\/div>\n","protected":false},"excerpt":{"rendered":"","protected":false},"author":4,"featured_media":0,"parent":1181,"menu_order":0,"comment_status":"closed","ping_status":"closed","template":"","meta":{"footnotes":""},"class_list":["post-1703","page","type-page","status-publish","hentry"],"_links":{"self":[{"href":"https:\/\/ladykillers.ch\/index.php?rest_route=\/wp\/v2\/pages\/1703","targetHints":{"allow":["GET"]}}],"collection":[{"href":"https:\/\/ladykillers.ch\/index.php?rest_route=\/wp\/v2\/pages"}],"about":[{"href":"https:\/\/ladykillers.ch\/index.php?rest_route=\/wp\/v2\/types\/page"}],"author":[{"embeddable":true,"href":"https:\/\/ladykillers.ch\/index.php?rest_route=\/wp\/v2\/users\/4"}],"replies":[{"embeddable":true,"href":"https:\/\/ladykillers.ch\/index.php?rest_route=%2Fwp%2Fv2%2Fcomments&post=1703"}],"version-history":[{"count":31,"href":"https:\/\/ladykillers.ch\/index.php?rest_route=\/wp\/v2\/pages\/1703\/revisions"}],"predecessor-version":[{"id":8898,"href":"https:\/\/ladykillers.ch\/index.php?rest_route=\/wp\/v2\/pages\/1703\/revisions\/8898"}],"up":[{"embeddable":true,"href":"https:\/\/ladykillers.ch\/index.php?rest_route=\/wp\/v2\/pages\/1181"}],"wp:attachment":[{"href":"https:\/\/ladykillers.ch\/index.php?rest_route=%2Fwp%2Fv2%2Fmedia&parent=1703"}],"curies":[{"name":"wp","href":"https:\/\/api.w.org\/{rel}","templated":true}]}}